{"id":1562,"date":"2019-07-23T09:00:08","date_gmt":"2019-07-23T09:00:08","guid":{"rendered":"https:\/\/www.sacrecoeurvercel.com\/?page_id=1562"},"modified":"2024-02-20T15:56:57","modified_gmt":"2024-02-20T15:56:57","slug":"les-dernieres-nouvelles","status":"publish","type":"page","link":"https:\/\/www.sacrecoeurvercel.com\/","title":{"rendered":"Les derni\u00e8res nouvelles!"},"content":{"rendered":"\t  \n\t\t\n\t\t<style type='text\/css' >\n\t\t #psc_divSliderMain69f49eab2ea1e .bx-wrapper .bx-viewport {\n\t\t\t background: none repeat scroll 0 0 #ffffff !important;\n\t\t\t border: 0px none !important;\n\t\t\t box-shadow: 0 0 0 0 !important;\n\t\t\t \/*padding:0px !important;*\/\n\t\t   }\n\t\t <\/style><!-- psc_print_post_slider_carousel_func -->\n\t\t \t \t\t\t\t<div id=\"poststuff\">\n\t\t\t\t  <div id=\"post-body\" class=\"metabox-holder columns-2\">\n\t\t\t\t\t<div id=\"post-body-content\">\n\t\t\t\t\t\t <div style=\"clear: both;\"><\/div>\n\t\t\t\t\t\t           \n\t\t\t\t\t\t\n\t\t\t\t\t   \n\t\t\t\t\t\t\t<div style=\"width: auto;postion:relative\" id=\"psc_divSliderMain69f49eab2ea1e\">\n\t\t\t\t\t\t\t  <div id=\"psc_thumnail_slider69f49eab2ea1d\" class=\"post_slider_carousel\" style=\"margin-top: 2px !important;display:none\">\n\t\t\t\t\t\t\t\t  \n\t\t\t\t\t\t \t\t\t\t\t\t\t\t\t\t  \n\t\t\t\t\t\t\t\t  <div class=\"bx_pst_slider\">   \n\t\t\t\t\t\t\t\t\t                                                                                                                                                                                                                                                                                       \n\t\t\t\t\t\t\t\t\t\t<a data-post_id=\"5281\" \n\t\t\t\t\t\t\t\t\t\t\t\t\t\t\t\t\t\t\t\t\t\t\t\t\t\t\t\ttarget=\"_blank\"   href=\"https:\/\/www.sacrecoeurvercel.com\/index.php\/2026\/04\/02\/en-attendant-paques-a-lecole\/\" title=\"En attendant p\u00e2ques \u00e0 l&rsquo;\u00e9cole.\" ><img src=\"https:\/\/www.sacrecoeurvercel.com\/wp-content\/uploads\/psc_post_slider_carousel\/1000052186_500_800.jpg\" alt=\"En attendant p\u00e2ques \u00e0 l&rsquo;\u00e9cole.\" title=\"En attendant p\u00e2ques \u00e0 l&rsquo;\u00e9cole.\"   \/><\/a>\n\t\t\t\t\t\t\t\t\t   \n\t\t\t\t\t\t\t\t   <\/div>\n\t\t\t\t\t\t\t   \n\t\t\t\t\t\t   \t\t\t\t\t\t\t\t\t\t  \n\t\t\t\t\t\t\t\t  <div class=\"bx_pst_slider\">   \n\t\t\t\t\t\t\t\t\t                                                                                                                                                                                                                                                                                       \n\t\t\t\t\t\t\t\t\t\t<a data-post_id=\"5270\" \n\t\t\t\t\t\t\t\t\t\t\t\t\t\t\t\t\t\t\t\t\t\t\t\t\t\t\t\ttarget=\"_blank\"   href=\"https:\/\/www.sacrecoeurvercel.com\/index.php\/2026\/03\/29\/match-de-football-a-bonal-pour-les-eleves-de-6eme-et-quelques-5eme\/\" title=\"Match de football \u00e0 Bonal pour les \u00e9l\u00e8ves de 6\u00e8me et quelques 5\u00e8me.\" ><img src=\"https:\/\/www.sacrecoeurvercel.com\/wp-content\/uploads\/psc_post_slider_carousel\/20260327_234007-Personnalise_500_800.jpg\" alt=\"Match de football \u00e0 Bonal pour les \u00e9l\u00e8ves de 6\u00e8me et quelques 5\u00e8me.\" title=\"Match de football \u00e0 Bonal pour les \u00e9l\u00e8ves de 6\u00e8me et quelques 5\u00e8me.\"   \/><\/a>\n\t\t\t\t\t\t\t\t\t   \n\t\t\t\t\t\t\t\t   <\/div>\n\t\t\t\t\t\t\t   \n\t\t\t\t\t\t   \t\t\t\t\t\t\t\t\t\t  \n\t\t\t\t\t\t\t\t  <div class=\"bx_pst_slider\">   \n\t\t\t\t\t\t\t\t\t                                                                                                                                                                                                                                                                                       \n\t\t\t\t\t\t\t\t\t\t<a data-post_id=\"5262\" \n\t\t\t\t\t\t\t\t\t\t\t\t\t\t\t\t\t\t\t\t\t\t\t\t\t\t\t\ttarget=\"_blank\"   href=\"https:\/\/www.sacrecoeurvercel.com\/index.php\/2026\/03\/20\/5262\/\" title=\"Michel Vautrot: 1 parcours, 1 mod\u00e8le.\" ><img src=\"https:\/\/www.sacrecoeurvercel.com\/wp-content\/uploads\/psc_post_slider_carousel\/656204179_2382161448968978_9138595373545143659_n_500_800.jpg\" alt=\"Michel Vautrot: 1 parcours, 1 mod\u00e8le.\" title=\"Michel Vautrot: 1 parcours, 1 mod\u00e8le.\"   \/><\/a>\n\t\t\t\t\t\t\t\t\t   \n\t\t\t\t\t\t\t\t   <\/div>\n\t\t\t\t\t\t\t   \n\t\t\t\t\t\t   \t\t\t\t\t\t\t\t\t\t  \n\t\t\t\t\t\t\t\t  <div class=\"bx_pst_slider\">   \n\t\t\t\t\t\t\t\t\t                                                                                                                                                                                                                                                                                       \n\t\t\t\t\t\t\t\t\t\t<a data-post_id=\"5234\" \n\t\t\t\t\t\t\t\t\t\t\t\t\t\t\t\t\t\t\t\t\t\t\t\t\t\t\t\ttarget=\"_blank\"   href=\"https:\/\/www.sacrecoeurvercel.com\/index.php\/2026\/03\/20\/journee-decouverte-autour-des-metiers-du-bois\/\" title=\"Journ\u00e9e d\u00e9couverte autour des m\u00e9tiers du bois\" ><img src=\"https:\/\/www.sacrecoeurvercel.com\/wp-content\/uploads\/psc_post_slider_carousel\/IMG-20260319-WA0019_500_800.jpg\" alt=\"Journ\u00e9e d\u00e9couverte autour des m\u00e9tiers du bois\" title=\"Journ\u00e9e d\u00e9couverte autour des m\u00e9tiers du bois\"   \/><\/a>\n\t\t\t\t\t\t\t\t\t   \n\t\t\t\t\t\t\t\t   <\/div>\n\t\t\t\t\t\t\t   \n\t\t\t\t\t\t   \t\t\t\t\t\t\t\t\t\t  \n\t\t\t\t\t\t\t\t  <div class=\"bx_pst_slider\">   \n\t\t\t\t\t\t\t\t\t                                                                                                                                                                                                                                                                                       \n\t\t\t\t\t\t\t\t\t\t<a data-post_id=\"5188\" \n\t\t\t\t\t\t\t\t\t\t\t\t\t\t\t\t\t\t\t\t\t\t\t\t\t\t\t\ttarget=\"_blank\"   href=\"https:\/\/www.sacrecoeurvercel.com\/index.php\/2026\/03\/19\/college-au-cinema-2\/\" title=\"Coll\u00e8ge au cin\u00e9ma.\" ><img src=\"https:\/\/www.sacrecoeurvercel.com\/wp-content\/uploads\/psc_post_slider_carousel\/20260319_134028-Personnalise_500_800.jpg\" alt=\"Coll\u00e8ge au cin\u00e9ma.\" title=\"Coll\u00e8ge au cin\u00e9ma.\"   \/><\/a>\n\t\t\t\t\t\t\t\t\t   \n\t\t\t\t\t\t\t\t   <\/div>\n\t\t\t\t\t\t\t   \n\t\t\t\t\t\t      \n\t\t\t\t\t\t\t\t\t\t\t\t\t\t \n\t\t\t\t\t<\/div>\n\t\t\t\t\t\t<\/div>\n\t\t\t\t\t<script>\n\t\t\t\t\n\t\t\t\t   \t\t\t   \n\t\t\t\t\tvar interval_69f49eab35323 = setInterval(function() {\n\t\t\t\t\tvar psc_slider='';    \n\t\t\t\t\tif(document.readyState === 'complete') {\n\n\t\t\t\t\t   clearInterval(interval_69f49eab35323);\n\t\t\t\t\t   \n\t\t\t\t\t\t\t\n\t\t\t\t\t\t   jQuery(\"#psc_thumnail_slider69f49eab2ea1d\").show();\n\t\t\t\t\t\t\tvar rand_69f49eab2ea1f=psc_slider=jQuery('#psc_divSliderMain69f49eab2ea1e').html();   \n\t\t\t\t\t\t\tjQuery('#psc_thumnail_slider69f49eab2ea1d').bxSlider({\n\t\t\t\t\t\t\t\t\t\t\t\t\t\t\t\t  mode:'fade',\n\t\t\t\t\t\t\t\t\t\t\t\t\t\t\t\t  slideWidth: 800,\n\t\t\t\t\t\t\t\t   minSlides: 1,\n\t\t\t\t\t\t\t\t   maxSlides: 1,\n\t\t\t\t\t\t\t\t   moveSlides: 1,\n\t\t\t\t\t\t\t\t   slideMargin:0,  \n\t\t\t\t\t\t\t\t   speed:1000,\n\t\t\t\t\t\t\t\t   pause:3000,\n\t\t\t\t\t\t\t\t   adaptiveHeight:false,\n\t\t\t\t\t\t\t\t   preventDefaultSwipeY: false,\n\t\t\t\t\t\t\t\t   \t\t\t\t\t\t\t\t\t autoHover: true,\n\t\t\t\t\t\t\t\t\t\t\t\t\t\t\t\t\t\t   \t\t\t\t\t\t\t\t\t controls:true,\n\t\t\t\t\t\t\t\t   \t\t\t\t\t\t\t\t   pager:false,\n\t\t\t\t\t\t\t\t   useCSS:false,\n\t\t\t\t\t\t\t\t   \t\t\t\t\t\t\t\t\tautoStart:true,\n\t\t\t\t\t\t\t\t\tautoDelay:200,\n\t\t\t\t\t\t\t\t\tauto:true,       \n\t\t\t\t\t\t\t\t   \t\t\t\t\t\t\t\t    \n\t\t\t\t\t\t\t\t\tinfiniteLoop: true,\n\t\t\t\t\t\t\t\t   \t\t\t\t\t\t\t\t   \t\t\t\t\t\t\t\t\t captions:true,  \n\t\t\t\t\t\t\t\t   \t\t\t\t\t\t\t\t   \t\t\t\t\t\t\t\t\t pager:true,\n\t\t\t\t\t\t\t\t   \t\t\t\t\t\t\t\t\t onSlideBefore: function(slideElement){\n\t\t\t\t\t\t\t\t\t\t\t\t\t\t\n\t\t\t\t\t\t\t\t\t\tjQuery(slideElement).find('img').each(function(index, elm) {\n\n\t\t\t\t\t\t\t\t\t\t\t\tif(!elm.complete || elm.naturalWidth === 0){\n\n\t\t\t\t\t\t\t\t\t\t\t\t   var toload='';\n\t\t\t\t\t\t\t\t\t\t\t\t   var toloadval='';\n\t\t\t\t\t\t\t\t\t\t\t\t   jQuery.each(elm.attributes, function(i, attrib){\n\n\t\t\t\t\t\t\t\t\t\t\t\t\t   var value = attrib.value;\n\t\t\t\t\t\t\t\t\t\t\t\t\t   var aname=attrib.name;\n\n\t\t\t\t\t\t\t\t\t\t\t\t\t   var pattern = \/^((http|https):\\\/\\\/)\/;\n\n\t\t\t\t\t\t\t\t\t\t\t\t\t   if(pattern.test(value) && aname!='src' && aname.indexOf('data-html5_vurl')==-1) {\n\n\t\t\t\t\t\t\t\t\t\t\t\t\t\t   toload=aname;\n\t\t\t\t\t\t\t\t\t\t\t\t\t\t   toloadval=value;\n\t\t\t\t\t\t\t\t\t\t\t\t\t\t   }\n\t\t\t\t\t\t\t\t\t\t\t\t\t   \/\/ do your magic :-)\n\t\t\t\t\t\t\t\t\t\t\t\t   });\n\n\t\t\t\t\t\t\t\t\t\t\t\t   vsrc= jQuery(elm).attr(\"src\");\n\t\t\t\t\t\t\t\t\t\t\t\t   jQuery(elm).removeAttr(\"src\");\n\t\t\t\t\t\t\t\t\t\t\t\t   dsrc= jQuery(elm).attr(\"data-src\");\n\t\t\t\t\t\t\t\t\t\t\t\t   lsrc= jQuery(elm).attr(\"data-lazy-src\");\n\n\t\t\t\t\t\t\t\t\t\t\t\t   if(dsrc!== undefined && dsrc!='' && dsrc!=vsrc){\n\t\t\t\t\t\t\t\t\t\t\t\t\t\t\tjQuery(elm).attr(\"src\",dsrc);\n\t\t\t\t\t\t\t\t\t\t\t\t\t   }\n\t\t\t\t\t\t\t\t\t\t\t\t\t   else if(lsrc!== undefined && lsrc!=vsrc){\n\n\t\t\t\t\t\t\t\t\t\t\t\t\t\t\tjQuery(elm).attr(\"src\",lsrc);\n\t\t\t\t\t\t\t\t\t\t\t\t\t   }\n\t\t\t\t\t\t\t\t\t\t\t\t\t\telse if(toload!='' && toload!='srcset' && toloadval!='' && toloadval!=vsrc){\n\n\t\t\t\t\t\t\t\t\t\t\t\t\t\t   $(elm).attr(\"src\",toloadval);\n\n\n\t\t\t\t\t\t\t\t\t\t\t\t\t\t   } \n\t\t\t\t\t\t\t\t\t\t\t\t\t   else{\n\n\t\t\t\t\t\t\t\t\t\t\t\t\t\t\tjQuery(elm).attr(\"src\",vsrc);\n\n\t\t\t\t\t\t\t\t\t\t\t\t\t   }   \n\n\t\t\t\t\t\t\t\t\t\t\t\t   elm= jQuery(elm)[0];      \n\t\t\t\t\t\t\t\t\t\t\t\t   if(!elm.complete && elm.naturalHeight == 0){\n\n\t\t\t\t\t\t\t\t\t\t\t\t\t\tjQuery(elm).removeAttr('loading');\n\t\t\t\t\t\t\t\t\t\t\t\t\t\tjQuery(elm).removeAttr('data-lazy-type');\n\n\n\t\t\t\t\t\t\t\t\t\t\t\t\t\tjQuery(elm).removeClass('lazy');\n\n\t\t\t\t\t\t\t\t\t\t\t\t\t\tjQuery(elm).removeClass('lazyLoad');\n\t\t\t\t\t\t\t\t\t\t\t\t\t\tjQuery(elm).removeClass('lazy-loaded');\n\t\t\t\t\t\t\t\t\t\t\t\t\t\tjQuery(elm).removeClass('jetpack-lazy-image');\n\t\t\t\t\t\t\t\t\t\t\t\t\t\tjQuery(elm).removeClass('jetpack-lazy-image--handled');\n\t\t\t\t\t\t\t\t\t\t\t\t\t\tjQuery(elm).removeClass('lazy-hidden');\n\n\t\t\t\t\t\t\t\t\t\t\t   }\n\n\n\t\t\t\t\t\t\t\t\t\t   }\n\n\t\t\t\t\t\t\t\t\t\t});\n\n\t\t\t\t\t\t\t\t  },   \n\t\t\t\t\t\t\t\tonSliderLoad: function(){\n\n\n\t\t\t\t\t\t\t\t}\n\n\n\t\t\t\t\t });\n\n\t\t\t\t\t\t\t \n\t\t\t\t\t\t  \n\t\t\t\t\t\t  \n\t\t\t\t\t\t\t\n\t\t\t\t   }    \n\t\t\t\t}, 100);         \n\t\t\t\t\t\n\t\t\t\t\t\n\t\t\t\t\t  window.addEventListener('load', function() {\n\n\n\t\t\t\t\t\t\t\t\tsetTimeout(function(){ \n\n\t\t\t\t\t\t\t\t\t\t\tif(jQuery(\"#psc_thumnail_slider69f49eab2ea1d\").find('.bx-loading').length>0){\n\n\t\t\t\t\t\t\t\t\t\t\t\t\tjQuery(\"#psc_thumnail_slider69f49eab2ea1d\").find('img').each(function(index, elm) {\n\n\t\t\t\t\t\t\t\t\t\t\t\t\t\t\t if(!elm.complete || elm.naturalWidth === 0){\n\n\t\t\t\t\t\t\t\t\t\t\t\t\t\t\t\tvar toload='';\n\t\t\t\t\t\t\t\t\t\t\t\t\t\t\t\tvar toloadval='';\n\t\t\t\t\t\t\t\t\t\t\t\t\t\t\t\tjQuery.each(this.attributes, function(i, attrib){\n\n\t\t\t\t\t\t\t\t\t\t\t\t\t\t\t\t\t\tvar value = attrib.value;\n\t\t\t\t\t\t\t\t\t\t\t\t\t\t\t\t\t\tvar aname=attrib.name;\n\n\t\t\t\t\t\t\t\t\t\t\t\t\t\t\t\t\t\tvar pattern = \/^((http|https):\\\/\\\/)\/;\n\n\t\t\t\t\t\t\t\t\t\t\t\t\t\t\t\t\t\tif(pattern.test(value) && aname!='src') {\n\n\t\t\t\t\t\t\t\t\t\t\t\t\t\t\t\t\t\t\t\ttoload=aname;\n\t\t\t\t\t\t\t\t\t\t\t\t\t\t\t\t\t\t\t\ttoloadval=value;\n\t\t\t\t\t\t\t\t\t\t\t\t\t\t\t\t\t\t }\n\t\t\t\t\t\t\t\t\t\t\t\t\t\t\t\t\t\t\/\/ do your magic :-)\n\t\t\t\t\t\t\t\t\t\t\t\t\t\t\t\t });\n\n\t\t\t\t\t\t\t\t\t\t\t\t\t\t\t\t\t\tvsrc=jQuery(elm).attr(\"src\");\n\t\t\t\t\t\t\t\t\t\t\t\t\t\t\t\t\t\tjQuery(elm).removeAttr(\"src\");\n\t\t\t\t\t\t\t\t\t\t\t\t\t\t\t\t\t\tdsrc=jQuery(elm).attr(\"data-src\");\n\t\t\t\t\t\t\t\t\t\t\t\t\t\t\t\t\t\tlsrc=jQuery(elm).attr(\"data-lazy-src\");\n\n\n\t\t\t\t\t\t\t\t\t\t\t\t\t\t\t\t\t\t   if(dsrc!== undefined && dsrc!='' && dsrc!=vsrc){\n\t\t\t\t\t\t\t\t\t\t\t\t\t\t\t\t\t\t\t\t\t\t\t\t\t\t jQuery(elm).attr(\"src\",dsrc);\n\t\t\t\t\t\t\t\t\t\t\t\t\t\t\t\t\t\t\t\t}\n\t\t\t\t\t\t\t\t\t\t\t\t\t\t\t\t\t\t\t\telse if(lsrc!== undefined && lsrc!=vsrc){\n\n\t\t\t\t\t\t\t\t\t\t\t\t\t\t\t\t\t\t\t\t\t\t\t\t jQuery(elm).attr(\"src\",lsrc);\n\t\t\t\t\t\t\t\t\t\t\t\t\t\t\t\t\t\t\t\t}\n\t\t\t\t\t\t\t\t\t\t\t\t\t\t\t\t\t\t\t\telse if(toload!='' && toload!='srcset' && toloadval!='' && toloadval!=vsrc){\n\n\t\t\t\t\t\t\t\t\t\t\t\t\t\t\t\t\t\t\t\t\t\tjQuery(elm).removeAttr(toload);\n\t\t\t\t\t\t\t\t\t\t\t\t\t\t\t\t\t\t\t\t\t\tjQuery(elm).attr(\"src\",toloadval);\n\n\n\t\t\t\t\t\t\t\t\t\t\t\t\t\t\t\t\t\t\t\t\t} \n\t\t\t\t\t\t\t\t\t\t\t\t\t\t\t\t\t\t\t\telse{\n\n\t\t\t\t\t\t\t\t\t\t\t\t\t\t\t\t\t\t\t\t\t\t\t\tjQuery(elm).attr(\"src\",vsrc);\n\n\t\t\t\t\t\t\t\t\t\t\t\t\t\t\t\t\t\t   }   \n\n\t\t\t\t\t\t\t\t\t\t\t\t\t\t\t\t\t\telm=jQuery(elm)[0];      \n\t\t\t\t\t\t\t\t\t\t\t\t\t\t\t\t\t\t if(!elm.complete && elm.naturalHeight == 0){\n\n\t\t\t\t\t\t\t\t\t\t\t\t\t\t\t\t\t\t\t\t\t\t jQuery(elm).removeAttr('loading');\n\t\t\t\t\t\t\t\t\t\t\t\t\t\t\t\t\t\t\t\t\t\t jQuery(elm).removeAttr('data-lazy-type');\n\n\n\t\t\t\t\t\t\t\t\t\t\t\t\t\t\t\t\t\t\t\t\t\t jQuery(elm).removeClass('lazy');\n\n\t\t\t\t\t\t\t\t\t\t\t\t\t\t\t\t\t\t\t\t\t\t jQuery(elm).removeClass('lazyLoad');\n\t\t\t\t\t\t\t\t\t\t\t\t\t\t\t\t\t\t\t\t\t\t jQuery(elm).removeClass('lazy-loaded');\n\t\t\t\t\t\t\t\t\t\t\t\t\t\t\t\t\t\t\t\t\t\t jQuery(elm).removeClass('jetpack-lazy-image');\n\t\t\t\t\t\t\t\t\t\t\t\t\t\t\t\t\t\t\t\t\t\t jQuery(elm).removeClass('jetpack-lazy-image--handled');\n\t\t\t\t\t\t\t\t\t\t\t\t\t\t\t\t\t\t\t\t\t\t jQuery(elm).removeClass('lazy-hidden');\n\n\t\t\t\t\t\t\t\t\t\t\t\t\t\t\t\t\t\t}\n\t\t\t\t\t\t\t\t\t\t\t\t\t\t\t }\n\n\t\t\t\t\t\t\t\t\t\t\t\t\t\t}).promise().done( function(){ \n\n\t\t\t\t\t\t\t\t\t\t\t\t\t\t\t\tjQuery(\"#psc_divSliderMain69f49eab2ea1e\").find('.bx-loading').remove();\n\t\t\t\t\t\t\t\t\t\t\t\t\t\t} );\n\n\t\t\t\t\t\t\t\t\t\t\t\t}\n\n\n\t\t\t\t\t\t\t\t\t   }, 6000);\n\n\t\t\t\t\t\t\t});\n\t\t\t\t\t <\/script>         \n\t\t\t\t\t\t\n\t\t\t\t\t<\/div>\n\t\t\t  <\/div>\n\t\t\t<\/div>  \n\t <!-- end psc_print_post_slider_carousel_func -->\n\t \n","protected":false},"excerpt":{"rendered":"<p>Ce jeudi 19 mars, les \u00e9l\u00e8ves de 6\u00e8me sont all\u00e9s voir Chicken run dans le cadre de \u00ab\u00a0coll\u00e8ge au cin\u00e9ma\u00a0\u00bb.<\/p>\n","protected":false},"author":5,"featured_media":0,"parent":0,"menu_order":0,"comment_status":"closed","ping_status":"closed","template":"","meta":[],"_links":{"self":[{"href":"https:\/\/www.sacrecoeurvercel.com\/index.php\/wp-json\/wp\/v2\/pages\/1562"}],"collection":[{"href":"https:\/\/www.sacrecoeurvercel.com\/index.php\/wp-json\/wp\/v2\/pages"}],"about":[{"href":"https:\/\/www.sacrecoeurvercel.com\/index.php\/wp-json\/wp\/v2\/types\/page"}],"author":[{"embeddable":true,"href":"https:\/\/www.sacrecoeurvercel.com\/index.php\/wp-json\/wp\/v2\/users\/5"}],"replies":[{"embeddable":true,"href":"https:\/\/www.sacrecoeurvercel.com\/index.php\/wp-json\/wp\/v2\/comments?post=1562"}],"version-history":[{"count":4,"href":"https:\/\/www.sacrecoeurvercel.com\/index.php\/wp-json\/wp\/v2\/pages\/1562\/revisions"}],"predecessor-version":[{"id":3329,"href":"https:\/\/www.sacrecoeurvercel.com\/index.php\/wp-json\/wp\/v2\/pages\/1562\/revisions\/3329"}],"wp:attachment":[{"href":"https:\/\/www.sacrecoeurvercel.com\/index.php\/wp-json\/wp\/v2\/media?parent=1562"}],"curies":[{"name":"wp","href":"https:\/\/api.w.org\/{rel}","templated":true}]}}