{"id":2045,"date":"2020-02-20T08:19:15","date_gmt":"2020-02-20T08:19:15","guid":{"rendered":"https:\/\/www.sacrecoeurvercel.com\/?page_id=2045"},"modified":"2020-02-20T11:26:01","modified_gmt":"2020-02-20T11:26:01","slug":"association-sportive","status":"publish","type":"page","link":"https:\/\/www.sacrecoeurvercel.com\/index.php\/association-sportive\/","title":{"rendered":"UNSS"},"content":{"rendered":"\n<p>Vous pouvez vous inscrire \u00e0 l&rsquo;UNSS. Son adh\u00e9sion est de 15 Euros pour l&rsquo;ann\u00e9e. Les s\u00e9ances se d\u00e9roulent le mercredi apr\u00e8s midi. <\/p>\n\n\n\n<p> Plusieurs activit\u00e9s dans l&rsquo;ann\u00e9e sont propos\u00e9es au sein de l&rsquo;\u00e9tablissement ou \u00e0 l&rsquo;ext\u00e9rieur en rencontrant d&rsquo;autres \u00e9l\u00e8ves de diff\u00e9rents \u00e9tablissements. ( escalade, handball, football&#8230;.)<\/p>\n\n\n\n<p><\/p>\n","protected":false},"excerpt":{"rendered":"<p>Vous pouvez vous inscrire \u00e0 l&rsquo;UNSS. Son adh\u00e9sion est de 15 Euros pour l&rsquo;ann\u00e9e. Les s\u00e9ances se d\u00e9roulent le mercredi apr\u00e8s midi. Plusieurs activit\u00e9s dans l&rsquo;ann\u00e9e sont propos\u00e9es au sein de l&rsquo;\u00e9tablissement ou \u00e0 l&rsquo;ext\u00e9rieur&#8230;<\/p>\n","protected":false},"author":8,"featured_media":0,"parent":0,"menu_order":0,"comment_status":"closed","ping_status":"closed","template":"","meta":[],"_links":{"self":[{"href":"https:\/\/www.sacrecoeurvercel.com\/index.php\/wp-json\/wp\/v2\/pages\/2045"}],"collection":[{"href":"https:\/\/www.sacrecoeurvercel.com\/index.php\/wp-json\/wp\/v2\/pages"}],"about":[{"href":"https:\/\/www.sacrecoeurvercel.com\/index.php\/wp-json\/wp\/v2\/types\/page"}],"author":[{"embeddable":true,"href":"https:\/\/www.sacrecoeurvercel.com\/index.php\/wp-json\/wp\/v2\/users\/8"}],"replies":[{"embeddable":true,"href":"https:\/\/www.sacrecoeurvercel.com\/index.php\/wp-json\/wp\/v2\/comments?post=2045"}],"version-history":[{"count":3,"href":"https:\/\/www.sacrecoeurvercel.com\/index.php\/wp-json\/wp\/v2\/pages\/2045\/revisions"}],"predecessor-version":[{"id":2054,"href":"https:\/\/www.sacrecoeurvercel.com\/index.php\/wp-json\/wp\/v2\/pages\/2045\/revisions\/2054"}],"wp:attachment":[{"href":"https:\/\/www.sacrecoeurvercel.com\/index.php\/wp-json\/wp\/v2\/media?parent=2045"}],"curies":[{"name":"wp","href":"https:\/\/api.w.org\/{rel}","templated":true}]}}