{"id":944,"date":"2019-06-06T15:11:27","date_gmt":"2019-06-06T15:11:27","guid":{"rendered":"https:\/\/sacrecoeurvercel.com\/?page_id=944"},"modified":"2019-06-06T15:12:20","modified_gmt":"2019-06-06T15:12:20","slug":"niveau-3eme","status":"publish","type":"page","link":"https:\/\/www.sacrecoeurvercel.com\/index.php\/technologie\/niveau-3eme\/","title":{"rendered":"Niveau 3\u00e8me"},"content":{"rendered":"\n<p>Un site internet int\u00e9ressant est disponible <a href=\"http:\/\/technoargia.free.fr\/cms2\/?Techno:CFAO\">ici<\/a> concernant la <a href=\"http:\/\/technoargia.free.fr\/cms2\/?Techno:CFAO\">CFAO<\/a><\/p>\n\n\n\n<p>Un diaporama est \u00e0 votre disposition pour en r\u00e9aliser un soi-m\u00eame avec <a href=\"http:\/\/technolascasc.free.fr\/informatique\/OpenOffice\/OO_presentation.html\">Impress<\/a><\/p>\n","protected":false},"excerpt":{"rendered":"<p>Un site internet int\u00e9ressant est disponible ici concernant la CFAO Un diaporama est \u00e0 votre disposition pour en r\u00e9aliser un soi-m\u00eame avec Impress<\/p>\n","protected":false},"author":2,"featured_media":0,"parent":932,"menu_order":0,"comment_status":"closed","ping_status":"closed","template":"","meta":[],"_links":{"self":[{"href":"https:\/\/www.sacrecoeurvercel.com\/index.php\/wp-json\/wp\/v2\/pages\/944"}],"collection":[{"href":"https:\/\/www.sacrecoeurvercel.com\/index.php\/wp-json\/wp\/v2\/pages"}],"about":[{"href":"https:\/\/www.sacrecoeurvercel.com\/index.php\/wp-json\/wp\/v2\/types\/page"}],"author":[{"embeddable":true,"href":"https:\/\/www.sacrecoeurvercel.com\/index.php\/wp-json\/wp\/v2\/users\/2"}],"replies":[{"embeddable":true,"href":"https:\/\/www.sacrecoeurvercel.com\/index.php\/wp-json\/wp\/v2\/comments?post=944"}],"version-history":[{"count":2,"href":"https:\/\/www.sacrecoeurvercel.com\/index.php\/wp-json\/wp\/v2\/pages\/944\/revisions"}],"predecessor-version":[{"id":946,"href":"https:\/\/www.sacrecoeurvercel.com\/index.php\/wp-json\/wp\/v2\/pages\/944\/revisions\/946"}],"up":[{"embeddable":true,"href":"https:\/\/www.sacrecoeurvercel.com\/index.php\/wp-json\/wp\/v2\/pages\/932"}],"wp:attachment":[{"href":"https:\/\/www.sacrecoeurvercel.com\/index.php\/wp-json\/wp\/v2\/media?parent=944"}],"curies":[{"name":"wp","href":"https:\/\/api.w.org\/{rel}","templated":true}]}}